{"id":719,"date":"2024-03-07T11:41:55","date_gmt":"2024-03-07T11:41:55","guid":{"rendered":"https:\/\/www.equipare.com\/?page_id=719"},"modified":"2024-03-07T11:41:56","modified_gmt":"2024-03-07T11:41:56","slug":"aviso-legal","status":"publish","type":"page","link":"https:\/\/www.equipare.com\/eu\/aviso-legal\/","title":{"rendered":"Aviso Legal"},"content":{"rendered":"<p>Lege oharra<\/p>\n\n\n\n<p>En cumplimiento de lo dispuesto en el art\u00edculo 10 de la Ley 34\/2002, de 11 de julio, de Servicios de la Sociedad de la Informaci\u00f3n y de Comercio Electr\u00f3nico se informa de que el titular del dominio http:\/\/equipare.com, es Equipare koop elk txikia (en adelante, el TITULAR). As\u00ed mismo, se informa de que la finalidad de este sitio web es la de proporcionar informaci\u00f3n sobre los servicios profesionales que ofrece el titular. A efectos de lo dispuesto en el mencionado art\u00edculo 10, se consignan a continuaci\u00f3n los datos del titular:<br>\u25e6Nombre: Equipare koop elk txikia<br>\u25e6NIF:F95688347<\/p>\n\n\n\n<p>I. OBJETO DEL PRESENTE DOCUMENTO<\/p>\n\n\n\n<p>El TITULAR pone a disposici\u00f3n de los usuarios el presente documento con el que pretende dar cumplimiento a las obligaciones dispuestas en la Ley 34\/2002, de Servicios de la Sociedad de la Informaci\u00f3n y del Comercio Electr\u00f3nico, as\u00ed como informar a todos los usuarios del sitio web respecto a cu\u00e1les son las condiciones de uso del sitio web.<\/p>\n\n\n\n<p>Toda persona que acceda a este sitio web asume el papel de usuario, comprometi\u00e9ndose a la observancia y cumplimiento riguroso de las disposiciones aqu\u00ed rese\u00f1adas, as\u00ed como a cualquier otra disposici\u00f3n legal que fuera de aplicaci\u00f3n.<\/p>\n\n\n\n<p>El TITULAR se reserva el derecho a modificar cualquier tipo de informaci\u00f3n que pudiera aparecer en el sitio web, sin que exista obligaci\u00f3n de preavisar o poner en conocimiento de los usuarios dichas modificaciones, entendi\u00e9ndose como suficiente con la publicaci\u00f3n en el sitio web del TITULAR.<\/p>\n\n\n\n<p>II. RESPONSABILIDAD<\/p>\n\n\n\n<p>El TITULAR se exime de cualquier tipo de responsabilidad derivada de la informaci\u00f3n publicada en su sitio web, siempre que esta informaci\u00f3n haya sido manipulada o introducida por un tercero ajeno al mismo.<\/p>\n\n\n\n<p>Desde el sitio web es posible que se redirija a contenidos de terceros sitios web. Dado que el TITULAR no puede controlar siempre los contenidos introducidos por los terceros en sus sitios web, \u00e9ste no asume ning\u00fan tipo de responsabilidad respecto a dichos contenidos. En todo caso, el TITULAR manifiesta que proceder\u00e1 a la retirada inmediata de cualquier contenido que pudiera contravenir la legislaci\u00f3n nacional o internacional, la moral o el orden p\u00fablico, procediendo a la retirada inmediata de la redirecci\u00f3n a dicho sitio web, poniendo en conocimiento de las autoridades competentes el contenido en cuesti\u00f3n.<\/p>\n\n\n\n<p>El TITULAR no se hace responsable de la informaci\u00f3n y contenidos almacenados, a t\u00edtulo enunciativo pero no limitativo, en foros, chats, generadores de blogs, comentarios, redes sociales o cualquier otro medio que permita a terceros publicar contenidos de forma independiente en la p\u00e1gina web del TITULAR. No obstante y en cumplimiento de lo dispuesto en el art. 11 y 16 de la LSSI-CE, el TITULAR se pone a disposici\u00f3n de todos los usuarios, autoridades y fuerzas de seguridad, colaborando de forma activa en la retirada o en su caso bloqueo de todos aquellos contenidos que pudieran afectar o contravenir la legislaci\u00f3n nacional o internacional, derechos de terceros o la moral y el orden p\u00fablico. En caso de que el usuario considere que existe en el sitio web alg\u00fan contenido que pudiera ser susceptible de esta clasificaci\u00f3n, se ruega lo notifique de forma inmediata al administrador del sitio web.<\/p>\n\n\n\n<p>Este sitio web ha sido revisado y probado para que funcione correctamente. En principio, puede garantizarse el correcto funcionamiento los 365 d\u00edas del a\u00f1o, 24 horas al d\u00eda. No obstante, el TITULAR no descarta la posibilidad de que existan ciertos errores de programaci\u00f3n, o que acontezcan causas de fuerza mayor, cat\u00e1strofes naturales, huelgas, o circunstancias semejantes que hagan imposible el acceso a la p\u00e1gina web.<\/p>\n\n\n\n<p>III. PROTECCI\u00d3N DE DATOS PERSONALES<\/p>\n\n\n\n<p>Al navegar por este sitio web de forma autom\u00e1tica Ud. facilita al servidor informaci\u00f3n relativa a su direcci\u00f3n IP (identificador \u00fanico para la transmisi\u00f3n de paquetes entre ordenadores conectados a Internet), fecha y hora de acceso, el hiperv\u00ednculo que le ha reenviado a \u00e9stas, su sistema operativo y el navegador utilizado. El TITULAR informa de que no puede obtener por s\u00ed s\u00f3lo, ni tiene intenci\u00f3n de hacerlo, informaci\u00f3n alguna acerca del titular de la conexi\u00f3n a Internet a la que corresponde; estos datos ser\u00e1n guardados y utilizados \u00fanicamente para el control y realizaci\u00f3n de estad\u00edsticas de acceso y visitas a la web y en ning\u00fan caso ser\u00e1n comunicados o cedidos a terceros.<\/p>\n\n\n\n<p>El sitio web del TITULAR puede utilizar cookies (peque\u00f1os archivos de informaci\u00f3n que el servidor env\u00eda al ordenador de quien accede a la p\u00e1gina) para llevar a cabo determinadas funciones que son consideradas imprescindibles para el correcto funcionamiento y visualizaci\u00f3n del sitio. Las cookies utilizadas en el sitio web tienen, en todo caso, car\u00e1cter temporal con la \u00fanica finalidad de hacer m\u00e1s eficaz su transmisi\u00f3n ulterior y desaparecen al terminar la sesi\u00f3n del usuario. En ning\u00fan caso se utilizar\u00e1n las cookies para recoger informaci\u00f3n de car\u00e1cter personal. Igualmente se informa al usuario de que puede eliminar las cookies generadas por la visita a este u otros sitios web accediendo a la configuraci\u00f3n de su navegador (Internet Explorer, Firefox, Chrome), o modificar dicha configuraci\u00f3n para no permitir en ning\u00fan caso la generaci\u00f3n de cookies.<\/p>\n\n\n\n<p>El TITULAR del sitio web pone a disposici\u00f3n del usuario un formulario de contacto para atender cualquier duda, aclaraci\u00f3n o petici\u00f3n relativa a los servicios profesionales que ofrece. Los datos facilitados por estos medios ser\u00e1n utilizados \u00fanicamente para dar respuesta a la consulta realizada y en ning\u00fan caso ser\u00e1n comunicados ni cedidos a terceros sin su consentimiento expreso.<\/p>\n\n\n\n<p>IV. PROPIEDAD INTELECTUAL E INDUSTRIAL<\/p>\n\n\n\n<p>El sitio web, incluyendo a t\u00edtulo enunciativo pero no limitativo su programaci\u00f3n, edici\u00f3n, compilaci\u00f3n y dem\u00e1s elementos necesarios para su funcionamiento, los dise\u00f1os, logotipos, texto y\/o gr\u00e1ficos son propiedad del TITULAR, o de terceros colaboradores si as\u00ed se indicase, y, en su caso, dispone de licencia o autorizaci\u00f3n expresa por parte de los autores. Todos los contenidos del sitio web se encuentran debidamente protegidos por la normativa de propiedad intelectual e industrial, as\u00ed como inscritos en los registros p\u00fablicos correspondientes.<\/p>\n\n\n\n<p>Independientemente de la finalidad para la que fueran destinados, la reproducci\u00f3n total o parcial, uso, explotaci\u00f3n, distribuci\u00f3n y comercializaci\u00f3n, requiere la autorizaci\u00f3n previa por parte del TITULAR. Cualquier uso no autorizado previamente por parte del TITULAR ser\u00e1 considerado un incumplimiento grave de los derechos de propiedad intelectual o industrial del autor.<\/p>\n\n\n\n<p>Los dise\u00f1os, logotipos, texto y\/o gr\u00e1ficos ajenos al TITULAR y que pudieran aparecer en el sitio web, pertenecen a sus respectivos propietarios, siendo ellos mismos responsables de cualquier posible controversia que pudiera suscitarse respecto a los mismos. En todo caso, el TITULAR cuenta con la autorizaci\u00f3n expresa y previa por parte de los mismos.<\/p>\n\n\n\n<p>El TITULAR autoriza expresamente a que terceros puedan redirigir directamente a los contenidos concretos del sitio web, debiendo en todo caso redirigir al sitio web principal del TITULAR.<\/p>\n\n\n\n<p>El TITULAR reconoce a favor de sus titulares los correspondientes derechos de propiedad industrial e intelectual, no implicando su sola menci\u00f3n o aparici\u00f3n en el sitio web la existencia de derechos o responsabilidad alguna del TITULAR sobre los mismos, como tampoco respaldo, patrocinio o recomendaci\u00f3n por parte del mismo.<\/p>\n\n\n\n<p>Para realizar cualquier tipo de observaci\u00f3n respecto a posibles incumplimientos de los derechos de propiedad intelectual o industrial, as\u00ed como sobre cualquiera de los contenidos del sitio web, puede hacerlo a trav\u00e9s del siguiente correo electr\u00f3nico: oscar.imarchi@gmail.com.<\/p>\n\n\n\n<p>V. LEY APLICABLE Y JURISDICCI\u00d3N<\/p>\n\n\n\n<p>Para la resoluci\u00f3n de todas las controversias o cuestiones relacionadas con el presente sitio web o de las actividades en \u00e9l desarrolladas, ser\u00e1 de aplicaci\u00f3n la legislaci\u00f3n espa\u00f1ola, a la que se someten expresamente las partes, siendo competentes para la resoluci\u00f3n de todos los conflictos derivados o relacionados con su uso los Juzgados y Tribunales.<\/p>","protected":false},"excerpt":{"rendered":"<p>Aviso legal En cumplimiento de lo dispuesto en el art\u00edculo 10 de la Ley 34\/2002, de 11 de julio, de Servicios de la Sociedad de la Informaci\u00f3n y de Comercio Electr\u00f3nico se informa de que el titular del dominio http:\/\/equipare.com, es Equipare koop elk txikia (en adelante, el TITULAR). As\u00ed mismo, se informa de que [&hellip;]<\/p>","protected":false},"author":2,"featured_media":0,"parent":0,"menu_order":0,"comment_status":"closed","ping_status":"closed","template":"","meta":{"_et_pb_use_builder":"off","_et_pb_old_content":"","_et_gb_content_width":"","footnotes":""},"class_list":["post-719","page","type-page","status-publish","hentry"],"yoast_head":"<!-- This site is optimized with the Yoast SEO plugin v27.5 - https:\/\/yoast.com\/product\/yoast-seo-wordpress\/ -->\n<title>Aviso Legal - Equipare<\/title>\n<meta name=\"robots\" content=\"index, follow, max-snippet:-1, max-image-preview:large, max-video-preview:-1\" \/>\n<link rel=\"canonical\" href=\"https:\/\/www.equipare.com\/eu\/aviso-legal\/\" \/>\n<meta property=\"og:locale\" content=\"en_US\" \/>\n<meta property=\"og:type\" content=\"article\" \/>\n<meta property=\"og:title\" content=\"Aviso Legal - Equipare\" \/>\n<meta property=\"og:description\" content=\"Aviso legal En cumplimiento de lo dispuesto en el art\u00edculo 10 de la Ley 34\/2002, de 11 de julio, de Servicios de la Sociedad de la Informaci\u00f3n y de Comercio Electr\u00f3nico se informa de que el titular del dominio http:\/\/equipare.com, es Equipare koop elk txikia (en adelante, el TITULAR). As\u00ed mismo, se informa de que [&hellip;]\" \/>\n<meta property=\"og:url\" content=\"https:\/\/www.equipare.com\/eu\/aviso-legal\/\" \/>\n<meta property=\"og:site_name\" content=\"Equipare\" \/>\n<meta property=\"article:modified_time\" content=\"2024-03-07T11:41:56+00:00\" \/>\n<meta name=\"twitter:card\" content=\"summary_large_image\" \/>\n<meta name=\"twitter:label1\" content=\"Est. reading time\" \/>\n\t<meta name=\"twitter:data1\" content=\"6 minutua\" \/>\n<script type=\"application\/ld+json\" class=\"yoast-schema-graph\">{\"@context\":\"https:\\\/\\\/schema.org\",\"@graph\":[{\"@type\":\"WebPage\",\"@id\":\"https:\\\/\\\/www.equipare.com\\\/aviso-legal\\\/\",\"url\":\"https:\\\/\\\/www.equipare.com\\\/aviso-legal\\\/\",\"name\":\"Aviso Legal - Equipare\",\"isPartOf\":{\"@id\":\"https:\\\/\\\/www.equipare.com\\\/#website\"},\"datePublished\":\"2024-03-07T11:41:55+00:00\",\"dateModified\":\"2024-03-07T11:41:56+00:00\",\"breadcrumb\":{\"@id\":\"https:\\\/\\\/www.equipare.com\\\/aviso-legal\\\/#breadcrumb\"},\"inLanguage\":\"eu\",\"potentialAction\":[{\"@type\":\"ReadAction\",\"target\":[\"https:\\\/\\\/www.equipare.com\\\/aviso-legal\\\/\"]}]},{\"@type\":\"BreadcrumbList\",\"@id\":\"https:\\\/\\\/www.equipare.com\\\/aviso-legal\\\/#breadcrumb\",\"itemListElement\":[{\"@type\":\"ListItem\",\"position\":1,\"name\":\"Portada\",\"item\":\"https:\\\/\\\/www.equipare.com\\\/\"},{\"@type\":\"ListItem\",\"position\":2,\"name\":\"Aviso Legal\"}]},{\"@type\":\"WebSite\",\"@id\":\"https:\\\/\\\/www.equipare.com\\\/#website\",\"url\":\"https:\\\/\\\/www.equipare.com\\\/\",\"name\":\"Equipare\",\"description\":\"\",\"publisher\":{\"@id\":\"https:\\\/\\\/www.equipare.com\\\/#organization\"},\"potentialAction\":[{\"@type\":\"SearchAction\",\"target\":{\"@type\":\"EntryPoint\",\"urlTemplate\":\"https:\\\/\\\/www.equipare.com\\\/?s={search_term_string}\"},\"query-input\":{\"@type\":\"PropertyValueSpecification\",\"valueRequired\":true,\"valueName\":\"search_term_string\"}}],\"inLanguage\":\"eu\"},{\"@type\":\"Organization\",\"@id\":\"https:\\\/\\\/www.equipare.com\\\/#organization\",\"name\":\"Equipare\",\"url\":\"https:\\\/\\\/www.equipare.com\\\/\",\"logo\":{\"@type\":\"ImageObject\",\"inLanguage\":\"eu\",\"@id\":\"https:\\\/\\\/www.equipare.com\\\/#\\\/schema\\\/logo\\\/image\\\/\",\"url\":\"https:\\\/\\\/www.equipare.com\\\/wp-content\\\/uploads\\\/2023\\\/11\\\/equipare_logo.png\",\"contentUrl\":\"https:\\\/\\\/www.equipare.com\\\/wp-content\\\/uploads\\\/2023\\\/11\\\/equipare_logo.png\",\"width\":680,\"height\":387,\"caption\":\"Equipare\"},\"image\":{\"@id\":\"https:\\\/\\\/www.equipare.com\\\/#\\\/schema\\\/logo\\\/image\\\/\"}}]}<\/script>\n<!-- \/ Yoast SEO plugin. -->","yoast_head_json":{"title":"Aviso Legal - Equipare","robots":{"index":"index","follow":"follow","max-snippet":"max-snippet:-1","max-image-preview":"max-image-preview:large","max-video-preview":"max-video-preview:-1"},"canonical":"https:\/\/www.equipare.com\/eu\/aviso-legal\/","og_locale":"en_US","og_type":"article","og_title":"Aviso Legal - Equipare","og_description":"Aviso legal En cumplimiento de lo dispuesto en el art\u00edculo 10 de la Ley 34\/2002, de 11 de julio, de Servicios de la Sociedad de la Informaci\u00f3n y de Comercio Electr\u00f3nico se informa de que el titular del dominio http:\/\/equipare.com, es Equipare koop elk txikia (en adelante, el TITULAR). As\u00ed mismo, se informa de que [&hellip;]","og_url":"https:\/\/www.equipare.com\/eu\/aviso-legal\/","og_site_name":"Equipare","article_modified_time":"2024-03-07T11:41:56+00:00","twitter_card":"summary_large_image","twitter_misc":{"Est. reading time":"6 minutua"},"schema":{"@context":"https:\/\/schema.org","@graph":[{"@type":"WebPage","@id":"https:\/\/www.equipare.com\/aviso-legal\/","url":"https:\/\/www.equipare.com\/aviso-legal\/","name":"Aviso Legal - Equipare","isPartOf":{"@id":"https:\/\/www.equipare.com\/#website"},"datePublished":"2024-03-07T11:41:55+00:00","dateModified":"2024-03-07T11:41:56+00:00","breadcrumb":{"@id":"https:\/\/www.equipare.com\/aviso-legal\/#breadcrumb"},"inLanguage":"eu","potentialAction":[{"@type":"ReadAction","target":["https:\/\/www.equipare.com\/aviso-legal\/"]}]},{"@type":"BreadcrumbList","@id":"https:\/\/www.equipare.com\/aviso-legal\/#breadcrumb","itemListElement":[{"@type":"ListItem","position":1,"name":"Portada","item":"https:\/\/www.equipare.com\/"},{"@type":"ListItem","position":2,"name":"Aviso Legal"}]},{"@type":"WebSite","@id":"https:\/\/www.equipare.com\/#website","url":"https:\/\/www.equipare.com\/","name":"Equipare","description":"","publisher":{"@id":"https:\/\/www.equipare.com\/#organization"},"potentialAction":[{"@type":"SearchAction","target":{"@type":"EntryPoint","urlTemplate":"https:\/\/www.equipare.com\/?s={search_term_string}"},"query-input":{"@type":"PropertyValueSpecification","valueRequired":true,"valueName":"search_term_string"}}],"inLanguage":"eu"},{"@type":"Organization","@id":"https:\/\/www.equipare.com\/#organization","name":"Equipare","url":"https:\/\/www.equipare.com\/","logo":{"@type":"ImageObject","inLanguage":"eu","@id":"https:\/\/www.equipare.com\/#\/schema\/logo\/image\/","url":"https:\/\/www.equipare.com\/wp-content\/uploads\/2023\/11\/equipare_logo.png","contentUrl":"https:\/\/www.equipare.com\/wp-content\/uploads\/2023\/11\/equipare_logo.png","width":680,"height":387,"caption":"Equipare"},"image":{"@id":"https:\/\/www.equipare.com\/#\/schema\/logo\/image\/"}}]}},"_links":{"self":[{"href":"https:\/\/www.equipare.com\/eu\/wp-json\/wp\/v2\/pages\/719","targetHints":{"allow":["GET"]}}],"collection":[{"href":"https:\/\/www.equipare.com\/eu\/wp-json\/wp\/v2\/pages"}],"about":[{"href":"https:\/\/www.equipare.com\/eu\/wp-json\/wp\/v2\/types\/page"}],"author":[{"embeddable":true,"href":"https:\/\/www.equipare.com\/eu\/wp-json\/wp\/v2\/users\/2"}],"replies":[{"embeddable":true,"href":"https:\/\/www.equipare.com\/eu\/wp-json\/wp\/v2\/comments?post=719"}],"version-history":[{"count":1,"href":"https:\/\/www.equipare.com\/eu\/wp-json\/wp\/v2\/pages\/719\/revisions"}],"predecessor-version":[{"id":720,"href":"https:\/\/www.equipare.com\/eu\/wp-json\/wp\/v2\/pages\/719\/revisions\/720"}],"wp:attachment":[{"href":"https:\/\/www.equipare.com\/eu\/wp-json\/wp\/v2\/media?parent=719"}],"curies":[{"name":"wp","href":"https:\/\/api.w.org\/{rel}","templated":true}]}}