{"id":67,"date":"2023-12-10T21:47:18","date_gmt":"2023-12-10T21:47:18","guid":{"rendered":"https:\/\/www.equipare.com\/?page_id=67"},"modified":"2024-03-25T10:11:11","modified_gmt":"2024-03-25T10:11:11","slug":"asesoramiento","status":"publish","type":"page","link":"https:\/\/www.equipare.com\/eu\/asesoramiento\/","title":{"rendered":"Aholkularitza"},"content":{"rendered":"<p>[et_pb_section fb_built=\u00bb1&#8243; admin_label=\u00bbHeader\u00bb _builder_version=\u00bb4.24.2&#8243; border_width_bottom=\u00bb1px\u00bb border_color_bottom=\u00bbgcid-b4bf4daf-058d-4da9-b2a4-017d75bd4075&#8243; locked=\u00bboff\u00bb global_colors_info=\u00bb{%22gcid-b4bf4daf-058d-4da9-b2a4-017d75bd4075%22:%91%22border_color_bottom%22,%22border_color_bottom%22%93}\u00bb][et_pb_row disabled_on=\u00bboff|off|on\u00bb module_class=\u00bbfondo_imagen\u00bb _builder_version=\u00bb4.24.2&#8243; _module_preset=\u00bbdefault\u00bb background_image=\u00bbhttps:\/\/www.equipare.com\/wp-content\/uploads\/2024\/02\/asesoramiento-fondo-blanco.png\u00bb background_size=\u00bbcontain\u00bb background_position=\u00bbtop_center\u00bb background_vertical_offset=\u00bb-48%\u00bb z_index=\u00bb10&#8243; min_height=\u00bb80vh\u00bb custom_margin=\u00bb3px|auto|-60vh|auto|false|false\u00bb sticky_position=\u00bbtop\u00bb sticky_limit_bottom=\u00bbsection\u00bb sticky_offset_surrounding=\u00bboff\u00bb custom_css_free_form=\u00bb.fondo_imagen{||  margin-top:60px!important;||}\u00bb global_colors_info=\u00bb{}\u00bb][et_pb_column type=\u00bb4_4&#8243; _builder_version=\u00bb4.24.0&#8243; _module_preset=\u00bbdefault\u00bb global_colors_info=\u00bb{}\u00bb][\/et_pb_column][\/et_pb_row][et_pb_row column_structure=\u00bb2_3,1_3&#8243; _builder_version=\u00bb4.24.0&#8243; z_index=\u00bb11&#8243; use_custom_width=\u00bbon\u00bb width_unit=\u00bboff\u00bb custom_width_percent=\u00bb100%\u00bb locked=\u00bboff\u00bb global_colors_info=\u00bb{}\u00bb][et_pb_column type=\u00bb2_3&#8243; module_class=\u00bbcolumna_botones\u00bb _builder_version=\u00bb4.24.0&#8243; background_color=\u00bbgcid-9d20e2d8-abac-4f2f-91d2-b27edca849e7&#8243; custom_padding=\u00bb20px|20px|20px|20px|true|true\u00bb global_colors_info=\u00bb{%22gcid-9d20e2d8-abac-4f2f-91d2-b27edca849e7%22:%91%22background_color%22%93}\u00bb custom_padding__hover=\u00bb|||\u00bb][et_pb_text _builder_version=\u00bb4.24.2&#8243; _module_preset=\u00bb80f909df-8838-4202-9f7b-35798fa0cdc7&#8243; hover_enabled=\u00bb0&#8243; global_colors_info=\u00bb{}\u00bb sticky_enabled=\u00bb0&#8243;]<\/p>\n<h1>Aholkularitza<\/h1>\n<p>Erakunde publikoei, enpresei, GGKE-ei eta hirugarren sektoreko erakundeei prozesuetan laguntzen diegu eta aholkularitza teknikoan aritzen gara honako arlo hauetan: feminismoa, berdintasuna, partaidetza eta garapenerako kooperazioa.\nIrakurri gehiago<\/p>\n<p>EMAKUNDE-Emakumearen Euskal Erakundearen homologazioa dugu emakumeen eta gizonen arteko berdintasunaren arloan zerbitzuak emateko.<\/p>\n<h2>Nola gauzatzen da hori?<\/h2>\n<ul>\n<li>Udalerrietan berdintasunerako eta indarkeria matxistak prebenitzeko politika publikoak bultzatze aldera prozesuak laguntzen ditugu.<\/li>\n<li>Berdintasun-planak eta indarkeria matxistaren aurkako tokiko planak diseinatzen ditugu; generoaren ikuspegiarekin eta ikuspegi intersekzionalarekin berariazko azterlanak eta\/edo diagnostikoak egiten ditugu; berdintasunaren arloan politika publikoak ebaluatu eta jarraitzen ditugu.\u00a0<\/li>\n<li>Emakumeen eta gizonen arteko berdintasun-planak eta kontziliazio erantzunkiderako planak egiten ditugu enpresetan eta hirugarren sektoreko erakundeetan.<\/li>\n<li>Genero-berdintasunaren aldeko planak egiten ditugu GGKE-etan.<\/li>\n<li>Ekonomia Sozial eta Solidarioko (ESS) ekintzailetza-ekimenei aholkuak ematen dizkiegu REAS Euskadi sareko PRESTATZEN programaren barruan erakunde bizigarriak bultzatzeko.<\/li>\n<li>Garapenerako kooperazio-proiektuen jarraipen- eta ebaluazio-sistemak diseinatzen ditugu genero ikuspegiarekin.<\/li>\n<\/ul>\n<p>&nbsp;<\/p>\n<p>[\/et_pb_text][et_pb_icon font_icon=\u00bb&#x23;||divi||400&#8243; url=\u00bb@ET-DC@eyJkeW5hbWljIjp0cnVlLCJjb250ZW50IjoicG9zdF9saW5rX3VybF9wYWdlIiwic2V0dGluZ3MiOnsicG9zdF9pZCI6IjgxIn19@\u00bb align=\u00bbleft\u00bb _builder_version=\u00bb4.24.2&#8243; _dynamic_attributes=\u00bburl\u00bb _module_preset=\u00bb72282223-8e8c-4b5d-8224-94c026228381&#8243; global_colors_info=\u00bb{}\u00bb][\/et_pb_icon][et_pb_icon font_icon=\u00bb&#x24;||divi||400&#8243; url=\u00bb@ET-DC@eyJkeW5hbWljIjp0cnVlLCJjb250ZW50IjoicG9zdF9saW5rX3VybF9wYWdlIiwic2V0dGluZ3MiOnsicG9zdF9pZCI6Ijc2In19@\u00bb align=\u00bbleft\u00bb _builder_version=\u00bb4.24.0&#8243; _dynamic_attributes=\u00bburl\u00bb _module_preset=\u00bb72282223-8e8c-4b5d-8224-94c026228381&#8243; global_colors_info=\u00bb{}\u00bb][\/et_pb_icon][\/et_pb_column][et_pb_column type=\u00bb1_3&#8243; disabled_on=\u00bboff|off|off\u00bb _builder_version=\u00bb4.24.0&#8243; custom_padding=\u00bb|||\u00bb global_colors_info=\u00bb{}\u00bb custom_padding__hover=\u00bb|||\u00bb][et_pb_image src=\u00bbhttps:\/\/www.equipare.com\/wp-content\/uploads\/2024\/02\/asesoramiento-fondo-blanco.png\u00bb alt=\u00bbequipare asesoramiento feminismo plan igualdad\u00bb title_text=\u00bbasesoramiento-fondo blanco\u00bb disabled_on=\u00bbon|on|off\u00bb _builder_version=\u00bb4.24.2&#8243; _module_preset=\u00bbdefault\u00bb global_colors_info=\u00bb{}\u00bb][\/et_pb_image][et_pb_divider show_divider=\u00bboff\u00bb disabled_on=\u00bboff|off|on\u00bb _builder_version=\u00bb4.24.0&#8243; _module_preset=\u00bbdefault\u00bb min_height=\u00bb500px\u00bb global_colors_info=\u00bb{}\u00bb][\/et_pb_divider][\/et_pb_column][\/et_pb_row][\/et_pb_section][et_pb_section fb_built=\u00bb1&#8243; admin_label=\u00bbFooter\u00bb module_id=\u00bbcontacto\u00bb _builder_version=\u00bb4.23.1&#8243; background_size=\u00bbinitial\u00bb background_repeat=\u00bbrepeat-y\u00bb custom_padding=\u00bb0vh||0vh||true|false\u00bb global_module=\u00bb63&#8243; saved_tabs=\u00bball\u00bb locked=\u00bboff\u00bb global_colors_info=\u00bb{}\u00bb][et_pb_row use_custom_gutter=\u00bbon\u00bb _builder_version=\u00bb4.23.1&#8243; custom_margin=\u00bb|auto|10px|auto|false|false\u00bb global_colors_info=\u00bb{}\u00bb][et_pb_column type=\u00bb4_4&#8243; _builder_version=\u00bb4.23.1&#8243; custom_padding=\u00bb30px||||false|false\u00bb border_color_all=\u00bb#000000&#8243; border_color_top=\u00bb#8300E9&#8243; global_colors_info=\u00bb{}\u00bb custom_padding__hover=\u00bb|||\u00bb][et_pb_text module_class=\u00bbtrabajamos_red\u00bb _builder_version=\u00bb4.24.0&#8243; _module_preset=\u00bb9005f7c2-c216-456a-9686-c2c48e86cc24&#8243; header_2_text_align=\u00bbcenter\u00bb header_2_text_color=\u00bbgcid-dae043d7-6ec3-4856-bf58-aa7314372224&#8243; locked=\u00bboff\u00bb global_colors_info=\u00bb{%22gcid-dae043d7-6ec3-4856-bf58-aa7314372224%22:%91%22header_2_text_color%22%93}\u00bb]<\/p>\n<h2>Sarean lan egiten dugu<\/h2>\n<ul>\n<li><img loading=\"lazy\" decoding=\"async\" src=\"https:\/\/www.equipare.com\/wp-content\/uploads\/2023\/12\/2021-07-27-300x144.png\" alt=\"reas euskadi\" class=\"wp-image-60 alignnone size-medium\" width=\"300\" height=\"144\" \/><\/li>\n<li><img loading=\"lazy\" decoding=\"async\" src=\"https:\/\/www.equipare.com\/wp-content\/uploads\/2023\/12\/Screenshot-2023-12-13-at-21-46-24-MERKATU-SOZIALAREN-ESKAINTZA-BILATZAILEA.png\" alt=\"merkatu soziala\" class=\"wp-image-279 alignnone size-full\" width=\"249\" height=\"90\" \/><\/li>\n<li><a href=\"https:\/\/www.equipare.com\/wp-content\/uploads\/2024\/02\/Infografia.pdf\" target=\"_blank\" rel=\"noopener\" title=\"auditoria social\"><img loading=\"lazy\" decoding=\"async\" src=\"https:\/\/www.equipare.com\/wp-content\/uploads\/2024\/02\/Sello-2-300x107.png\" alt=\"auditoria social\" class=\"wp-image-395 alignnone size-medium\" width=\"300\" height=\"107\" \/><\/a><a href=\"https:\/\/www.equipare.com\/wp-content\/uploads\/2024\/02\/Infografia.pdf\" rel=\"attachment wp-att-396\"><\/a><\/li>\n<\/ul>\n<p>[\/et_pb_text][et_pb_text _builder_version=\u00bb4.24.0&#8243; header_3_text_align=\u00bbcenter\u00bb header_3_text_color=\u00bbgcid-dae043d7-6ec3-4856-bf58-aa7314372224&#8243; header_3_font_size=\u00bb16px\u00bb module_alignment=\u00bbcenter\u00bb locked=\u00bboff\u00bb global_colors_info=\u00bb{%22gcid-dae043d7-6ec3-4856-bf58-aa7314372224%22:%91%22header_3_text_color%22%93}\u00bb]<\/p>\n<h3>EMAKUNDE-Emakumearen Euskal Erakundeak homologatu gaitu<\/h3>\n<p>[\/et_pb_text][et_pb_image src=\u00bbhttps:\/\/www.equipare.com\/wp-content\/uploads\/2023\/12\/u72-logo-presentacion.png\u00bb alt=\u00bbEMAKUNDE-Instituto Vasco de la Mujer\u00bb title_text=\u00bbu72-logo-presentacion\u00bb _builder_version=\u00bb4.24.0&#8243; _module_preset=\u00bbdefault\u00bb width=\u00bb70px\u00bb width_tablet=\u00bb50px\u00bb width_phone=\u00bb49px\u00bb width_last_edited=\u00bbon|phone\u00bb module_alignment=\u00bbcenter\u00bb global_colors_info=\u00bb{}\u00bb][\/et_pb_image][\/et_pb_column][\/et_pb_row][et_pb_row _builder_version=\u00bb4.24.0&#8243; _module_preset=\u00bbdefault\u00bb background_enable_color=\u00bboff\u00bb width=\u00bb100%\u00bb max_width=\u00bb100%\u00bb global_colors_info=\u00bb{%22gcid-b4bf4daf-058d-4da9-b2a4-017d75bd4075%22:%91%22background_color%22%93}\u00bb][et_pb_column type=\u00bb4_4&#8243; _builder_version=\u00bb4.24.0&#8243; _module_preset=\u00bbdefault\u00bb global_colors_info=\u00bb{}\u00bb][et_pb_text _builder_version=\u00bb4.24.0&#8243; header_3_text_align=\u00bbcenter\u00bb header_3_text_color=\u00bbgcid-de9bdafd-6f68-48b4-866a-50d7e28afe1c\u00bb header_3_font_size=\u00bb16px\u00bb background_color=\u00bbgcid-b4bf4daf-058d-4da9-b2a4-017d75bd4075&#8243; module_alignment=\u00bbcenter\u00bb custom_padding=\u00bb20px||10px||false|false\u00bb locked=\u00bboff\u00bb global_colors_info=\u00bb{%22gcid-b4bf4daf-058d-4da9-b2a4-017d75bd4075%22:%91%22background_color%22%93,%22gcid-de9bdafd-6f68-48b4-866a-50d7e28afe1c%22:%91%22header_3_text_color%22%93}\u00bb]<\/p>\n<h3>Honako hauekin lan egin dugu<\/h3>\n<p>[\/et_pb_text][lwp_image_carousel gallery_ids=\u00bb402,403,405,406,407,408,409,410,411,401,413,404,412,414,415,416,417,418,419,420,421,422,423,424,425,426,427,428,429,430,431,432,433,434,435,436,437,438,439,440,441,442,443,444&#8243; slides_show=\u00bb6&#8243; slides_scroll=\u00bb6&#8243; show_dots=\u00bboff\u00bb autoplay_animation=\u00bbon\u00bb autoplay_animation_speed=\u00bb3000ms\u00bb slide_animation_speed=\u00bb1000ms\u00bb arrow_color=\u00bbgcid-dae043d7-6ec3-4856-bf58-aa7314372224&#8243; vertical_layout=\u00bboff\u00bb module_class=\u00bbclientes\u00bb _builder_version=\u00bb4.24.0&#8243; _module_preset=\u00bbdefault\u00bb background_color=\u00bb#FFFFFF\u00bb width=\u00bb90%\u00bb module_alignment=\u00bbcenter\u00bb custom_margin=\u00bb30px||30px||true|false\u00bb custom_css_free_form=\u00bb.clientes .slick-slide img{|| object-fit:contain;||  height:60px;||  margin:0 auto;||}\u00bb global_colors_info=\u00bb{%22gcid-dae043d7-6ec3-4856-bf58-aa7314372224%22:%91%22arrow_color%22%93}\u00bb][\/lwp_image_carousel][\/et_pb_column][\/et_pb_row][\/et_pb_section]<\/p>","protected":false},"excerpt":{"rendered":"<p>Asesoramiento Acompa\u00f1amos procesos y realizamos asesoramiento t\u00e9cnico en materia de feminismos, igualdad, participaci\u00f3n y cooperaci\u00f3n al desarrollo a instituciones p\u00fablicas, empresas, ONGDs y entidades del tercer sector. Contamos con la homologaci\u00f3n de EMAKUNDE-Instituto Vasco de la Mujer para la prestaci\u00f3n de servicios en materia de igualdad entre mujeres y hombres. \u00bfEsto c\u00f3mo se concreta? Acompa\u00f1amos [&hellip;]<\/p>","protected":false},"author":2,"featured_media":0,"parent":0,"menu_order":0,"comment_status":"closed","ping_status":"closed","template":"","meta":{"_et_pb_use_builder":"on","_et_pb_old_content":"","_et_gb_content_width":"","footnotes":""},"class_list":["post-67","page","type-page","status-publish","hentry"],"yoast_head":"<!-- This site is optimized with the Yoast SEO plugin v27.5 - https:\/\/yoast.com\/product\/yoast-seo-wordpress\/ -->\n<title>Asesoramiento - Equipare<\/title>\n<meta name=\"robots\" content=\"index, follow, max-snippet:-1, max-image-preview:large, max-video-preview:-1\" \/>\n<link rel=\"canonical\" href=\"https:\/\/www.equipare.com\/eu\/asesoramiento\/\" \/>\n<meta property=\"og:locale\" content=\"en_US\" \/>\n<meta property=\"og:type\" content=\"article\" \/>\n<meta property=\"og:title\" content=\"Asesoramiento - Equipare\" \/>\n<meta property=\"og:description\" content=\"Asesoramiento Acompa\u00f1amos procesos y realizamos asesoramiento t\u00e9cnico en materia de feminismos, igualdad, participaci\u00f3n y cooperaci\u00f3n al desarrollo a instituciones p\u00fablicas, empresas, ONGDs y entidades del tercer sector. Contamos con la homologaci\u00f3n de EMAKUNDE-Instituto Vasco de la Mujer para la prestaci\u00f3n de servicios en materia de igualdad entre mujeres y hombres. \u00bfEsto c\u00f3mo se concreta? Acompa\u00f1amos [&hellip;]\" \/>\n<meta property=\"og:url\" content=\"https:\/\/www.equipare.com\/eu\/asesoramiento\/\" \/>\n<meta property=\"og:site_name\" content=\"Equipare\" \/>\n<meta property=\"article:modified_time\" content=\"2024-03-25T10:11:11+00:00\" \/>\n<meta property=\"og:image\" content=\"https:\/\/www.equipare.com\/wp-content\/uploads\/2023\/12\/2021-07-27-300x144.png\" \/>\n<meta name=\"twitter:card\" content=\"summary_large_image\" \/>\n<meta name=\"twitter:label1\" content=\"Est. reading time\" \/>\n\t<meta name=\"twitter:data1\" content=\"5 minutua\" \/>\n<script type=\"application\/ld+json\" class=\"yoast-schema-graph\">{\"@context\":\"https:\\\/\\\/schema.org\",\"@graph\":[{\"@type\":\"WebPage\",\"@id\":\"https:\\\/\\\/www.equipare.com\\\/asesoramiento\\\/\",\"url\":\"https:\\\/\\\/www.equipare.com\\\/asesoramiento\\\/\",\"name\":\"Asesoramiento - Equipare\",\"isPartOf\":{\"@id\":\"https:\\\/\\\/www.equipare.com\\\/#website\"},\"primaryImageOfPage\":{\"@id\":\"https:\\\/\\\/www.equipare.com\\\/asesoramiento\\\/#primaryimage\"},\"image\":{\"@id\":\"https:\\\/\\\/www.equipare.com\\\/asesoramiento\\\/#primaryimage\"},\"thumbnailUrl\":\"https:\\\/\\\/www.equipare.com\\\/wp-content\\\/uploads\\\/2023\\\/12\\\/2021-07-27-300x144.png\",\"datePublished\":\"2023-12-10T21:47:18+00:00\",\"dateModified\":\"2024-03-25T10:11:11+00:00\",\"breadcrumb\":{\"@id\":\"https:\\\/\\\/www.equipare.com\\\/asesoramiento\\\/#breadcrumb\"},\"inLanguage\":\"eu\",\"potentialAction\":[{\"@type\":\"ReadAction\",\"target\":[\"https:\\\/\\\/www.equipare.com\\\/asesoramiento\\\/\"]}]},{\"@type\":\"ImageObject\",\"inLanguage\":\"eu\",\"@id\":\"https:\\\/\\\/www.equipare.com\\\/asesoramiento\\\/#primaryimage\",\"url\":\"https:\\\/\\\/www.equipare.com\\\/wp-content\\\/uploads\\\/2023\\\/12\\\/2021-07-27-300x144.png\",\"contentUrl\":\"https:\\\/\\\/www.equipare.com\\\/wp-content\\\/uploads\\\/2023\\\/12\\\/2021-07-27-300x144.png\"},{\"@type\":\"BreadcrumbList\",\"@id\":\"https:\\\/\\\/www.equipare.com\\\/asesoramiento\\\/#breadcrumb\",\"itemListElement\":[{\"@type\":\"ListItem\",\"position\":1,\"name\":\"Portada\",\"item\":\"https:\\\/\\\/www.equipare.com\\\/\"},{\"@type\":\"ListItem\",\"position\":2,\"name\":\"Asesoramiento\"}]},{\"@type\":\"WebSite\",\"@id\":\"https:\\\/\\\/www.equipare.com\\\/#website\",\"url\":\"https:\\\/\\\/www.equipare.com\\\/\",\"name\":\"Equipare\",\"description\":\"\",\"publisher\":{\"@id\":\"https:\\\/\\\/www.equipare.com\\\/#organization\"},\"potentialAction\":[{\"@type\":\"SearchAction\",\"target\":{\"@type\":\"EntryPoint\",\"urlTemplate\":\"https:\\\/\\\/www.equipare.com\\\/?s={search_term_string}\"},\"query-input\":{\"@type\":\"PropertyValueSpecification\",\"valueRequired\":true,\"valueName\":\"search_term_string\"}}],\"inLanguage\":\"eu\"},{\"@type\":\"Organization\",\"@id\":\"https:\\\/\\\/www.equipare.com\\\/#organization\",\"name\":\"Equipare\",\"url\":\"https:\\\/\\\/www.equipare.com\\\/\",\"logo\":{\"@type\":\"ImageObject\",\"inLanguage\":\"eu\",\"@id\":\"https:\\\/\\\/www.equipare.com\\\/#\\\/schema\\\/logo\\\/image\\\/\",\"url\":\"https:\\\/\\\/www.equipare.com\\\/wp-content\\\/uploads\\\/2023\\\/11\\\/equipare_logo.png\",\"contentUrl\":\"https:\\\/\\\/www.equipare.com\\\/wp-content\\\/uploads\\\/2023\\\/11\\\/equipare_logo.png\",\"width\":680,\"height\":387,\"caption\":\"Equipare\"},\"image\":{\"@id\":\"https:\\\/\\\/www.equipare.com\\\/#\\\/schema\\\/logo\\\/image\\\/\"}}]}<\/script>\n<!-- \/ Yoast SEO plugin. -->","yoast_head_json":{"title":"Asesoramiento - Equipare","robots":{"index":"index","follow":"follow","max-snippet":"max-snippet:-1","max-image-preview":"max-image-preview:large","max-video-preview":"max-video-preview:-1"},"canonical":"https:\/\/www.equipare.com\/eu\/asesoramiento\/","og_locale":"en_US","og_type":"article","og_title":"Asesoramiento - Equipare","og_description":"Asesoramiento Acompa\u00f1amos procesos y realizamos asesoramiento t\u00e9cnico en materia de feminismos, igualdad, participaci\u00f3n y cooperaci\u00f3n al desarrollo a instituciones p\u00fablicas, empresas, ONGDs y entidades del tercer sector. Contamos con la homologaci\u00f3n de EMAKUNDE-Instituto Vasco de la Mujer para la prestaci\u00f3n de servicios en materia de igualdad entre mujeres y hombres. \u00bfEsto c\u00f3mo se concreta? Acompa\u00f1amos [&hellip;]","og_url":"https:\/\/www.equipare.com\/eu\/asesoramiento\/","og_site_name":"Equipare","article_modified_time":"2024-03-25T10:11:11+00:00","og_image":[{"url":"https:\/\/www.equipare.com\/wp-content\/uploads\/2023\/12\/2021-07-27-300x144.png","type":"","width":"","height":""}],"twitter_card":"summary_large_image","twitter_misc":{"Est. reading time":"5 minutua"},"schema":{"@context":"https:\/\/schema.org","@graph":[{"@type":"WebPage","@id":"https:\/\/www.equipare.com\/asesoramiento\/","url":"https:\/\/www.equipare.com\/asesoramiento\/","name":"Asesoramiento - Equipare","isPartOf":{"@id":"https:\/\/www.equipare.com\/#website"},"primaryImageOfPage":{"@id":"https:\/\/www.equipare.com\/asesoramiento\/#primaryimage"},"image":{"@id":"https:\/\/www.equipare.com\/asesoramiento\/#primaryimage"},"thumbnailUrl":"https:\/\/www.equipare.com\/wp-content\/uploads\/2023\/12\/2021-07-27-300x144.png","datePublished":"2023-12-10T21:47:18+00:00","dateModified":"2024-03-25T10:11:11+00:00","breadcrumb":{"@id":"https:\/\/www.equipare.com\/asesoramiento\/#breadcrumb"},"inLanguage":"eu","potentialAction":[{"@type":"ReadAction","target":["https:\/\/www.equipare.com\/asesoramiento\/"]}]},{"@type":"ImageObject","inLanguage":"eu","@id":"https:\/\/www.equipare.com\/asesoramiento\/#primaryimage","url":"https:\/\/www.equipare.com\/wp-content\/uploads\/2023\/12\/2021-07-27-300x144.png","contentUrl":"https:\/\/www.equipare.com\/wp-content\/uploads\/2023\/12\/2021-07-27-300x144.png"},{"@type":"BreadcrumbList","@id":"https:\/\/www.equipare.com\/asesoramiento\/#breadcrumb","itemListElement":[{"@type":"ListItem","position":1,"name":"Portada","item":"https:\/\/www.equipare.com\/"},{"@type":"ListItem","position":2,"name":"Asesoramiento"}]},{"@type":"WebSite","@id":"https:\/\/www.equipare.com\/#website","url":"https:\/\/www.equipare.com\/","name":"Equipare","description":"","publisher":{"@id":"https:\/\/www.equipare.com\/#organization"},"potentialAction":[{"@type":"SearchAction","target":{"@type":"EntryPoint","urlTemplate":"https:\/\/www.equipare.com\/?s={search_term_string}"},"query-input":{"@type":"PropertyValueSpecification","valueRequired":true,"valueName":"search_term_string"}}],"inLanguage":"eu"},{"@type":"Organization","@id":"https:\/\/www.equipare.com\/#organization","name":"Equipare","url":"https:\/\/www.equipare.com\/","logo":{"@type":"ImageObject","inLanguage":"eu","@id":"https:\/\/www.equipare.com\/#\/schema\/logo\/image\/","url":"https:\/\/www.equipare.com\/wp-content\/uploads\/2023\/11\/equipare_logo.png","contentUrl":"https:\/\/www.equipare.com\/wp-content\/uploads\/2023\/11\/equipare_logo.png","width":680,"height":387,"caption":"Equipare"},"image":{"@id":"https:\/\/www.equipare.com\/#\/schema\/logo\/image\/"}}]}},"_links":{"self":[{"href":"https:\/\/www.equipare.com\/eu\/wp-json\/wp\/v2\/pages\/67","targetHints":{"allow":["GET"]}}],"collection":[{"href":"https:\/\/www.equipare.com\/eu\/wp-json\/wp\/v2\/pages"}],"about":[{"href":"https:\/\/www.equipare.com\/eu\/wp-json\/wp\/v2\/types\/page"}],"author":[{"embeddable":true,"href":"https:\/\/www.equipare.com\/eu\/wp-json\/wp\/v2\/users\/2"}],"replies":[{"embeddable":true,"href":"https:\/\/www.equipare.com\/eu\/wp-json\/wp\/v2\/comments?post=67"}],"version-history":[{"count":22,"href":"https:\/\/www.equipare.com\/eu\/wp-json\/wp\/v2\/pages\/67\/revisions"}],"predecessor-version":[{"id":870,"href":"https:\/\/www.equipare.com\/eu\/wp-json\/wp\/v2\/pages\/67\/revisions\/870"}],"wp:attachment":[{"href":"https:\/\/www.equipare.com\/eu\/wp-json\/wp\/v2\/media?parent=67"}],"curies":[{"name":"wp","href":"https:\/\/api.w.org\/{rel}","templated":true}]}}